{"id":29,"date":"2025-12-19T11:46:38","date_gmt":"2025-12-19T11:46:38","guid":{"rendered":"https:\/\/erdstiftung.ch\/?page_id=29"},"modified":"2026-02-25T14:27:57","modified_gmt":"2026-02-25T14:27:57","slug":"startseite","status":"publish","type":"page","link":"https:\/\/erdstiftung.ch\/","title":{"rendered":"WILLKOMMEN"},"content":{"rendered":"\n<p>Die Stiftung unterst\u00fctzt gemeinwohlorientierte Organisationen mit eigener Rechtspers\u00f6nlichkeit, die einen Schulungs-, Forschungs- oder Modellcharakter aufweisen. Gef\u00f6rdert werden insbesondere klimaresiliente, bodenverbessernde und biodiversit\u00e4tsf\u00f6rdernde Formen der Landwirtschaft, welche zur Erreichung klima- und agrar\u00f6kologischer Ziele beitragen und das Kulturland langfristig erhalten.<\/p>\n","protected":false},"excerpt":{"rendered":"<p>Die Stiftung unterst\u00fctzt gemeinwohlorientierte Organisationen mit eigener Rechtspers\u00f6nlichkeit, die einen Schulungs-, Forschungs- oder Modellcharakter aufweisen. Gef\u00f6rdert werden insbesondere klimaresiliente, bodenverbessernde und biodiversit\u00e4tsf\u00f6rdernde Formen der Landwirtschaft, welche zur Erreichung klima- und agrar\u00f6kologischer Ziele beitragen und das Kulturland langfristig erhalten.<\/p>\n","protected":false},"author":1,"featured_media":0,"parent":0,"menu_order":0,"comment_status":"closed","ping_status":"closed","template":"","meta":{"footnotes":""},"class_list":["post-29","page","type-page","status-publish","hentry"],"jetpack_sharing_enabled":true,"_links":{"self":[{"href":"https:\/\/erdstiftung.ch\/index.php\/wp-json\/wp\/v2\/pages\/29","targetHints":{"allow":["GET"]}}],"collection":[{"href":"https:\/\/erdstiftung.ch\/index.php\/wp-json\/wp\/v2\/pages"}],"about":[{"href":"https:\/\/erdstiftung.ch\/index.php\/wp-json\/wp\/v2\/types\/page"}],"author":[{"embeddable":true,"href":"https:\/\/erdstiftung.ch\/index.php\/wp-json\/wp\/v2\/users\/1"}],"replies":[{"embeddable":true,"href":"https:\/\/erdstiftung.ch\/index.php\/wp-json\/wp\/v2\/comments?post=29"}],"version-history":[{"count":3,"href":"https:\/\/erdstiftung.ch\/index.php\/wp-json\/wp\/v2\/pages\/29\/revisions"}],"predecessor-version":[{"id":67,"href":"https:\/\/erdstiftung.ch\/index.php\/wp-json\/wp\/v2\/pages\/29\/revisions\/67"}],"wp:attachment":[{"href":"https:\/\/erdstiftung.ch\/index.php\/wp-json\/wp\/v2\/media?parent=29"}],"curies":[{"name":"wp","href":"https:\/\/api.w.org\/{rel}","templated":true}]}}